{"id":666,"date":"2020-12-05T23:09:19","date_gmt":"2020-12-05T23:09:19","guid":{"rendered":"http:\/\/www.kirkjan.se\/?page_id=666"},"modified":"2020-12-05T23:09:19","modified_gmt":"2020-12-05T23:09:19","slug":"sjukrahussthjonusta","status":"publish","type":"page","link":"http:\/\/www.kirkjan.se\/?page_id=666","title":{"rendered":"Sj\u00fakrah\u00fass\u00fej\u00f3nusta"},"content":{"rendered":"\n<p>Prestur kirkjustarfsins \u00fea\u00f0 hlutverk \u00ed samvinnu vi\u00f0 Sj\u00fakratryggingar \u00cdslands a\u00f0 veita \u00cdslendingum er koma \u00e1 Sahlgrenska sj\u00fakrah\u00fasi\u00f0 \u00ed Gautaborg a\u00f0sto\u00f0. \u00c1r hvert koma um 30 sj\u00faklingar til ranns\u00f3kna og a\u00f0ger\u00f0a. Ranns\u00f3knir og l\u00edff\u00e6ra\u00edgr\u00e6\u00f0sla er oft tilefni heims\u00f3knarinnar. Dvalart\u00edminn er fr\u00e1 4 d\u00f6gum og upp \u00ed nokkra m\u00e1nu\u00f0i. \u00cd m\u00f6rgum tilfellum kemur fylgdarma\u00f0ur me\u00f0 \u00far fj\u00f6lskyldu- e\u00f0a vinah\u00f3pi og er \u00fea\u00f0 mikill stu\u00f0ningur. \u00dea\u00f0 er vi\u00f0b\u00f3tar\u00e1lag a\u00f0 vera \u00ed \u00f6\u00f0ru landi \u00fear sem tungum\u00e1li\u00f0 er hindrun og vera jafnframt fjarri stu\u00f0ningsneti fj\u00f6lskyldu og vina. Prestinum er \u00e6tla\u00f0 a\u00f0 veita sj\u00faklingum og fylgdarm\u00f6nnum stu\u00f0ning og a\u00f0sto\u00f0 eftir \u00fe\u00f6rfum og \u00f3skum hvers og eins.<\/p>\n","protected":false},"excerpt":{"rendered":"<p>Prestur kirkjustarfsins \u00fea\u00f0 hlutverk \u00ed samvinnu vi\u00f0 Sj\u00fakratryggingar \u00cdslands a\u00f0 veita \u00cdslendingum er koma \u00e1 Sahlgrenska sj\u00fakrah\u00fasi\u00f0 \u00ed Gautaborg a\u00f0sto\u00f0. \u00c1r hvert koma um 30 sj\u00faklingar til ranns\u00f3kna og a\u00f0ger\u00f0a. Ranns\u00f3knir og l\u00edff\u00e6ra\u00edgr\u00e6\u00f0sla er oft tilefni heims\u00f3knarinnar. Dvalart\u00edminn er fr\u00e1 &hellip; <a href=\"http:\/\/www.kirkjan.se\/?page_id=666\">Halda \u00e1fram a\u00f0 lesa <span class=\"meta-nav\">&rarr;<\/span><\/a><\/p>\n","protected":false},"author":1,"featured_media":0,"parent":0,"menu_order":0,"comment_status":"closed","ping_status":"closed","template":"","meta":{"footnotes":""},"_links":{"self":[{"href":"http:\/\/www.kirkjan.se\/index.php?rest_route=\/wp\/v2\/pages\/666"}],"collection":[{"href":"http:\/\/www.kirkjan.se\/index.php?rest_route=\/wp\/v2\/pages"}],"about":[{"href":"http:\/\/www.kirkjan.se\/index.php?rest_route=\/wp\/v2\/types\/page"}],"author":[{"embeddable":true,"href":"http:\/\/www.kirkjan.se\/index.php?rest_route=\/wp\/v2\/users\/1"}],"replies":[{"embeddable":true,"href":"http:\/\/www.kirkjan.se\/index.php?rest_route=%2Fwp%2Fv2%2Fcomments&post=666"}],"version-history":[{"count":3,"href":"http:\/\/www.kirkjan.se\/index.php?rest_route=\/wp\/v2\/pages\/666\/revisions"}],"predecessor-version":[{"id":669,"href":"http:\/\/www.kirkjan.se\/index.php?rest_route=\/wp\/v2\/pages\/666\/revisions\/669"}],"wp:attachment":[{"href":"http:\/\/www.kirkjan.se\/index.php?rest_route=%2Fwp%2Fv2%2Fmedia&parent=666"}],"curies":[{"name":"wp","href":"https:\/\/api.w.org\/{rel}","templated":true}]}}