{"id":660,"date":"2020-12-05T22:18:52","date_gmt":"2020-12-05T22:18:52","guid":{"rendered":"http:\/\/www.kirkjan.se\/?page_id=660"},"modified":"2020-12-05T22:18:52","modified_gmt":"2020-12-05T22:18:52","slug":"salgaesla","status":"publish","type":"page","link":"http:\/\/www.kirkjan.se\/?page_id=660","title":{"rendered":"S\u00e1lg\u00e6sla"},"content":{"rendered":"\n<p><strong>Prestur kirkjustarfsins sinnir<\/strong><strong>&nbsp;<\/strong><strong>s\u00e1lg\u00e6slu me\u00f0al \u00cdslendinga \u00ed Sv\u00ed\u00fej\u00f3\u00f0<\/strong><\/p>\n\n\n\n<p>S\u00e1lg\u00e6slusamtal er tilbo\u00f0 prestsins til umr\u00e6\u00f0u og samfylgdar \u00feegar tilefni gefst \u00ed l\u00edfinu. \u00dea\u00f0 \u00e1 vi\u00f0 \u00e1 erfi\u00f0um t\u00edmum \u00feegar sorgin m\u00e6tir okkur vi\u00f0 fr\u00e1fall \u00e1stvinar. Einnig \u00feegar gengi\u00f0 er \u00ed gegnum breytingar og \u00e1f\u00f6ll \u00ed n\u00e1num samb\u00f6ndum e\u00f0a \u00e1 vinnusta\u00f0.&nbsp;<\/p>\n\n\n\n<p>S\u00e1lg\u00e6sla er tilbo\u00f0 til allra \u2013 en \u00feau sem n\u00fdta s\u00e9r s\u00e1lg\u00e6slusamtal gl\u00edma oft vi\u00f0 sorg og missi, erfi\u00f0ar tilfinningar, st\u00f3rar spurningar, fl\u00f3knar \u00e1kvar\u00f0anir og allt anna\u00f0 sem fyrir kemur \u00ed l\u00edfinu. Sta\u00f0ur og t\u00edmi fyrir samtal er eftir samkomulagi. Veri\u00f0 velkomin a\u00f0 hafa samband.<\/p>\n\n\n\n<p>Presturinn er bundinn \u00feagnarskyldu.&nbsp;<\/p>\n\n\n\n<p>Netfang: kirkjan@telia.com<\/p>\n\n\n\n<p>\u00c1g\u00fast Einarsson, s\u00edmi 0702863969<\/p>\n","protected":false},"excerpt":{"rendered":"<p>Prestur kirkjustarfsins sinnir&nbsp;s\u00e1lg\u00e6slu me\u00f0al \u00cdslendinga \u00ed Sv\u00ed\u00fej\u00f3\u00f0 S\u00e1lg\u00e6slusamtal er tilbo\u00f0 prestsins til umr\u00e6\u00f0u og samfylgdar \u00feegar tilefni gefst \u00ed l\u00edfinu. \u00dea\u00f0 \u00e1 vi\u00f0 \u00e1 erfi\u00f0um t\u00edmum \u00feegar sorgin m\u00e6tir okkur vi\u00f0 fr\u00e1fall \u00e1stvinar. Einnig \u00feegar gengi\u00f0 er \u00ed gegnum breytingar &hellip; <a href=\"http:\/\/www.kirkjan.se\/?page_id=660\">Halda \u00e1fram a\u00f0 lesa <span class=\"meta-nav\">&rarr;<\/span><\/a><\/p>\n","protected":false},"author":1,"featured_media":0,"parent":0,"menu_order":0,"comment_status":"closed","ping_status":"closed","template":"","meta":{"footnotes":""},"_links":{"self":[{"href":"http:\/\/www.kirkjan.se\/index.php?rest_route=\/wp\/v2\/pages\/660"}],"collection":[{"href":"http:\/\/www.kirkjan.se\/index.php?rest_route=\/wp\/v2\/pages"}],"about":[{"href":"http:\/\/www.kirkjan.se\/index.php?rest_route=\/wp\/v2\/types\/page"}],"author":[{"embeddable":true,"href":"http:\/\/www.kirkjan.se\/index.php?rest_route=\/wp\/v2\/users\/1"}],"replies":[{"embeddable":true,"href":"http:\/\/www.kirkjan.se\/index.php?rest_route=%2Fwp%2Fv2%2Fcomments&post=660"}],"version-history":[{"count":2,"href":"http:\/\/www.kirkjan.se\/index.php?rest_route=\/wp\/v2\/pages\/660\/revisions"}],"predecessor-version":[{"id":664,"href":"http:\/\/www.kirkjan.se\/index.php?rest_route=\/wp\/v2\/pages\/660\/revisions\/664"}],"wp:attachment":[{"href":"http:\/\/www.kirkjan.se\/index.php?rest_route=%2Fwp%2Fv2%2Fmedia&parent=660"}],"curies":[{"name":"wp","href":"https:\/\/api.w.org\/{rel}","templated":true}]}}