{"id":174,"date":"2014-05-27T18:28:32","date_gmt":"2014-05-27T18:28:32","guid":{"rendered":"http:\/\/www.kirkjan.se\/?page_id=174"},"modified":"2025-12-18T07:57:14","modified_gmt":"2025-12-18T07:57:14","slug":"lundur-malmo","status":"publish","type":"page","link":"http:\/\/www.kirkjan.se\/?page_id=174","title":{"rendered":"Lundur &#8211; Malm\u00f6"},"content":{"rendered":"\n<p><strong>\u00cdslensk j\u00f3lahelgistund \u00e1 \u00deorl\u00e1ksmessu \u00ed Lundi<\/strong> 2025<\/p>\n\n\n\n<p><strong>J\u00f3lahelgistund ver\u00f0ur \u00ed Maria Magdalena kirkjunni \u00ed Lundi<\/strong><strong>&nbsp;(<\/strong>Flygelv\u00e4gen 1, Lund<strong>)<\/strong><strong>&nbsp;\u00e1 \u00deorl\u00e1ksmessu \u00feri\u00f0judag 23. des. kl. 17.00<\/strong><\/p>\n\n\n\n<p>Vi\u00f0 huglei\u00f0um bo\u00f0skap j\u00f3lah\u00e1t\u00ed\u00f0ar \u00ed tali og t\u00f3num \u00e1 helgistund me\u00f0 allri fj\u00f6lskyldunni.&nbsp;&nbsp;\u00cdslenski k\u00f3rinn \u00ed Lundi syngur undir stj\u00f3rn Halld\u00f3rs Karvel Bjarnasonar, sem einnig leikur \u00e1 g\u00edtar. Hildur Ylfa og Katr\u00edn Una J\u00f3nsd\u00e6tur leika \u00e1 v\u00ed\u00f3lur. Umsj\u00f3n \u00c1g\u00fast Einarsson<\/p>\n\n\n\n<p><strong>Veri\u00f0 velkomin!<\/strong><\/p>\n\n\n\n<p id=\"block-5de29551-12c9-412e-9ac8-0b96602f09d5\"><\/p>\n\n\n\n<p id=\"block-c7a83c5f-76e9-4fda-8635-1502319f08c2\"><\/p>\n","protected":false},"excerpt":{"rendered":"<p>\u00cdslensk j\u00f3lahelgistund \u00e1 \u00deorl\u00e1ksmessu \u00ed Lundi 2025 J\u00f3lahelgistund ver\u00f0ur \u00ed Maria Magdalena kirkjunni \u00ed Lundi&nbsp;(Flygelv\u00e4gen 1, Lund)&nbsp;\u00e1 \u00deorl\u00e1ksmessu \u00feri\u00f0judag 23. des. kl. 17.00 Vi\u00f0 huglei\u00f0um bo\u00f0skap j\u00f3lah\u00e1t\u00ed\u00f0ar \u00ed tali og t\u00f3num \u00e1 helgistund me\u00f0 allri fj\u00f6lskyldunni.&nbsp;&nbsp;\u00cdslenski k\u00f3rinn \u00ed Lundi syngur &hellip; <a href=\"http:\/\/www.kirkjan.se\/?page_id=174\">Halda \u00e1fram a\u00f0 lesa <span class=\"meta-nav\">&rarr;<\/span><\/a><\/p>\n","protected":false},"author":1,"featured_media":0,"parent":0,"menu_order":0,"comment_status":"open","ping_status":"open","template":"","meta":{"footnotes":""},"_links":{"self":[{"href":"http:\/\/www.kirkjan.se\/index.php?rest_route=\/wp\/v2\/pages\/174"}],"collection":[{"href":"http:\/\/www.kirkjan.se\/index.php?rest_route=\/wp\/v2\/pages"}],"about":[{"href":"http:\/\/www.kirkjan.se\/index.php?rest_route=\/wp\/v2\/types\/page"}],"author":[{"embeddable":true,"href":"http:\/\/www.kirkjan.se\/index.php?rest_route=\/wp\/v2\/users\/1"}],"replies":[{"embeddable":true,"href":"http:\/\/www.kirkjan.se\/index.php?rest_route=%2Fwp%2Fv2%2Fcomments&post=174"}],"version-history":[{"count":19,"href":"http:\/\/www.kirkjan.se\/index.php?rest_route=\/wp\/v2\/pages\/174\/revisions"}],"predecessor-version":[{"id":996,"href":"http:\/\/www.kirkjan.se\/index.php?rest_route=\/wp\/v2\/pages\/174\/revisions\/996"}],"wp:attachment":[{"href":"http:\/\/www.kirkjan.se\/index.php?rest_route=%2Fwp%2Fv2%2Fmedia&parent=174"}],"curies":[{"name":"wp","href":"https:\/\/api.w.org\/{rel}","templated":true}]}}