{"id":170,"date":"2014-05-27T18:14:43","date_gmt":"2014-05-27T18:14:43","guid":{"rendered":"http:\/\/www.kirkjan.se\/?page_id=170"},"modified":"2026-01-23T07:51:05","modified_gmt":"2026-01-23T07:51:05","slug":"stokkholmur","status":"publish","type":"page","link":"http:\/\/www.kirkjan.se\/?page_id=170","title":{"rendered":"Stokkh\u00f3lmur"},"content":{"rendered":"\n<p><strong>\u00cdslenskt barnastarf \u00ed Stokkh\u00f3lmi<\/strong><\/p>\n\n\n\n<p><strong>Barna- og fj\u00f6lskyldusamvera<\/strong>&nbsp;ver\u00f0ur \u00ed Norsku kirkjunni (Stigbergsgatan 24)&nbsp;<strong>sunnudaginn 25. jan\u00faar kl. 14.00<\/strong>. S\u00f6ngur, fr\u00e6\u00f0sla, leikur, br\u00fa\u00f0uleikh\u00fas og g\u00f3\u00f0 samvera yngri sem eldri.&nbsp;B\u00f6rn \u00e1samt foreldrum innilega velkomin. Hressing, kaffi og spjall.&nbsp;Umsj\u00f3n hafa \u00c1g\u00fast Einarsson prestur og Brynd\u00eds \u00c1sta Magn\u00fasd\u00f3ttir k\u00f3rstj\u00f3ri.<\/p>\n\n\n\n<p>Veri\u00f0 velkomin!&nbsp;<\/p>\n\n\n\n<p>Sta\u00f0setningin er n\u00e1l\u00e6gt Slussen, 18 m\u00edn\u00fatna ganga \u00fea\u00f0an til:<\/p>\n\n\n\n<p>Norska Sj\u00f8mannskirken,&nbsp;Kronprinsesse M\u00e4rthas Kirke<a><\/a><\/p>\n\n\n\n<p>Stigbergsgatan 24, 116 28 Stockholm<\/p>\n","protected":false},"excerpt":{"rendered":"<p>\u00cdslenskt barnastarf \u00ed Stokkh\u00f3lmi Barna- og fj\u00f6lskyldusamvera&nbsp;ver\u00f0ur \u00ed Norsku kirkjunni (Stigbergsgatan 24)&nbsp;sunnudaginn 25. jan\u00faar kl. 14.00. S\u00f6ngur, fr\u00e6\u00f0sla, leikur, br\u00fa\u00f0uleikh\u00fas og g\u00f3\u00f0 samvera yngri sem eldri.&nbsp;B\u00f6rn \u00e1samt foreldrum innilega velkomin. Hressing, kaffi og spjall.&nbsp;Umsj\u00f3n hafa \u00c1g\u00fast Einarsson prestur og Brynd\u00eds &hellip; <a href=\"http:\/\/www.kirkjan.se\/?page_id=170\">Halda \u00e1fram a\u00f0 lesa <span class=\"meta-nav\">&rarr;<\/span><\/a><\/p>\n","protected":false},"author":1,"featured_media":0,"parent":0,"menu_order":0,"comment_status":"open","ping_status":"open","template":"","meta":{"footnotes":""},"_links":{"self":[{"href":"http:\/\/www.kirkjan.se\/index.php?rest_route=\/wp\/v2\/pages\/170"}],"collection":[{"href":"http:\/\/www.kirkjan.se\/index.php?rest_route=\/wp\/v2\/pages"}],"about":[{"href":"http:\/\/www.kirkjan.se\/index.php?rest_route=\/wp\/v2\/types\/page"}],"author":[{"embeddable":true,"href":"http:\/\/www.kirkjan.se\/index.php?rest_route=\/wp\/v2\/users\/1"}],"replies":[{"embeddable":true,"href":"http:\/\/www.kirkjan.se\/index.php?rest_route=%2Fwp%2Fv2%2Fcomments&post=170"}],"version-history":[{"count":9,"href":"http:\/\/www.kirkjan.se\/index.php?rest_route=\/wp\/v2\/pages\/170\/revisions"}],"predecessor-version":[{"id":1012,"href":"http:\/\/www.kirkjan.se\/index.php?rest_route=\/wp\/v2\/pages\/170\/revisions\/1012"}],"wp:attachment":[{"href":"http:\/\/www.kirkjan.se\/index.php?rest_route=%2Fwp%2Fv2%2Fmedia&parent=170"}],"curies":[{"name":"wp","href":"https:\/\/api.w.org\/{rel}","templated":true}]}}