{"id":117,"date":"2014-01-24T14:08:27","date_gmt":"2014-01-24T14:08:27","guid":{"rendered":"http:\/\/www.kirkjan.se\/?page_id=117"},"modified":"2020-12-05T20:59:51","modified_gmt":"2020-12-05T20:59:51","slug":"velkomin-til-gautaborgar","status":"publish","type":"page","link":"http:\/\/www.kirkjan.se\/?page_id=117","title":{"rendered":"Velkomin til Gautaborgar"},"content":{"rendered":"<p align=\"center\"><strong>Uppl\u00fdsingar um f\u00e9lags- og safna\u00f0arstarf me\u00f0al \u00cdslendinga \u00ed Gautaborg<\/strong><\/p>\n<p><strong>Velkomin\/n til Gautaborgar!<\/strong><\/p>\n<p>\u00c9g vil vekja athygli \u00fe\u00edna \u00e1 f\u00e9lags- og safna\u00f0arstarfi me\u00f0al \u00cdslendinga \u00ed Gautaborg. St\u00e6rstur hluti \u00feess fer fram \u00ed safna\u00f0arheimili <strong>V\u00e4sta Fr\u00f6lunda kirkju, Fr\u00f6lunda Kyrkogata 2.<\/strong> Kirkjan og safna\u00f0arheimili\u00f0 er n\u00e1l\u00e6gt Fr\u00f6lunda torgi og \u00fea\u00f0 er au\u00f0velt a\u00f0 komast \u00feanga\u00f0 me\u00f0 str\u00e6tisvagni e\u00f0a sporvagni.<br \/>\nHelstu starfs\u00fe\u00e6ttir \u00ed kirkjustarfinu eru:<\/p>\n<p><strong>Gu\u00f0s\u00fej\u00f3nustur <\/strong>einu sinni \u00ed m\u00e1nu\u00f0i \u00e1 sunnud\u00f6gum kl. 14. \u00dea\u00f0 er hef\u00f0bundin \u00edslensk gu\u00f0s\u00fej\u00f3nusta og \u00ed kirkjunni er sm\u00e1barnahorn fyrir minnstu b\u00f6rnin. Einnig er bo\u00f0i\u00f0 upp \u00e1 barnastund fyrir eldri b\u00f6rn seinni hluta gu\u00f0s\u00fej\u00f3nustunnar. \u00cdslenski k\u00f3rinn \u00ed Gautaborg syngur vi\u00f0 gu\u00f0s\u00fej\u00f3nustur. Kirkjukaffi er \u00ed safna\u00f0arheimili eftir gu\u00f0s\u00fej\u00f3nustu.<\/p>\n<p><strong>Barna- og fj\u00f6lskyldusamvera<\/strong> er um h\u00e1lfsm\u00e1na\u00f0arlega \u00e1 laugard\u00f6gum kl. 11. \u00dea\u00f0 er l\u00edfleg samvera me\u00f0 fr\u00e6\u00f0slu, s\u00f6ng og br\u00fa\u00f0uleikh\u00fasi. G\u00f3\u00f0 leika\u00f0sta\u00f0a er fyrir b\u00f6rnin, kaffi og spjall fyrir \u00fe\u00e1 fullor\u00f0nu<\/p>\n<p><strong>Fermingarfr\u00e6\u00f0sla<\/strong> hefst \u00e1 hverju hausti me\u00f0 fermingarm\u00f3ti.<\/p>\n<p><strong>Vi\u00f0 h\u00f6fum g\u00f3\u00f0a f\u00e9lagsa\u00f0st\u00f6\u00f0u<\/strong> \u00ed safna\u00f0arheimili kirkjunnar og skipuleggjum vi\u00f0 \u00f6\u00f0ru hvoru b\u00f3kmennta- og fr\u00e6\u00f0slufundi. Einnig er \u00fear \u00e1rlega veri\u00f0 haldi\u00f0 j\u00f3laball og \u00fatih\u00e1t\u00ed\u00f0 \u00ed tengslum vi\u00f0 17. j\u00fan\u00ed.<\/p>\n<p>Undirrita\u00f0ur, \u00c1g\u00fast Einarsson er me\u00f0 skrifstofu \u00ed safna\u00f0arheimili V\u00e4sta Fr\u00f6lunda kirkju og \u00e9g starfa sem prestur fyrir \u00cdslendinga. S\u00edmi minn er 070 286 39 69, netfang <a href=\"mailto:kirkjan@telia.com\">kirkjan@telia.com<\/a>. \u00de\u00e9r er velkomi\u00f0 a\u00f0 hafa samband vi\u00f0 mig vegna a\u00f0sto\u00f0ar af einhverju tagi e\u00f0a til a\u00f0 r\u00e6\u00f0a hugmyndir um hva\u00f0 megi gera \u00ed safna\u00f0ar- e\u00f0a f\u00e9lagsstarfi me\u00f0al \u00cdslendinga h\u00e9r \u00ed Gautaborg.<\/p>\n<p>Vi\u00f0 erum me\u00f0 <strong>netfangalista<\/strong> \u00fear sem vi\u00f0 augl\u00fdsum \u00f6\u00f0ru hvoru \u00fea\u00f0 sem framundan er \u00ed starfinu og \u00fe\u00e9r er velkomi\u00f0 a\u00f0 senda okkur netfang \u00feitt til a\u00f0 hafa me\u00f0 \u00e1 listanum.<br \/>\n<strong>S\u00f3knarnefnd<\/strong> skipuleggur starfsemina me\u00f0 prestinum og forma\u00f0ur s\u00f3knarnefndar er Birna \u00c1g\u00fastsd\u00f3ttir s 070 245 37 17 og netfang: <a href=\"mailto:birna@islendingafelag.com\">birna@islendingafelag.com<\/a>.<\/p>\n<p><strong>\u00c1 heimas\u00ed\u00f0u kirkjustarfisns<\/strong> er n\u00e1nari uppl\u00fdsingar a\u00f0 finna um \u00fea\u00f0 sem er \u00e1 dagskr\u00e1 hverju sinni; <a href=\"http:\/\/www.kirkjan.se\">www.kirkjan.se<\/a><\/p>\n<p>Einnig vil \u00e9g vekja athygli \u00e1 eftirfarandi \u00fe\u00e1ttum:<br \/>\n<strong>\u00cdslenski k\u00f3rinn \u00ed Gautaborg <\/strong>er me\u00f0 k\u00f3r\u00e6fingar hvert m\u00e1nudagskv\u00f6ld kl. 18.30 \u00ed safna\u00f0arheimili V\u00e4sta Fr\u00f6lunda kirkju. Lisa Fr\u00f6berg er stj\u00f3rnandi k\u00f3rsins. K\u00f3rinn er sj\u00e1lfst\u00e6tt starfandi k\u00f3r sem syngur andleg og veraldleg verk, me\u00f0 \u00e1herslu \u00e1 \u00edslenska s\u00f6nghef\u00f0. K\u00f3rinn syngur vi\u00f0 \u00edslenskar gu\u00f0s\u00fej\u00f3nustur. Einnig eru k\u00f3ram\u00f3t, \u00e6fingab\u00fa\u00f0ir, skemmtikv\u00f6ld og vort\u00f3nleikar fastir li\u00f0ir \u00ed starfseminni. Til a\u00f0 f\u00e1 meiri uppl\u00fdsingar um k\u00f3rinn m\u00e1 hafa samband vi\u00f0: Krist\u00ednu P\u00e1lsd\u00f3ttur, formann k\u00f3rstj\u00f3rnar, s\u00edmi; 0702300676 e\u00f0a netfang; <a href=\"mailto:kristin@palsdottir.se\">kristin@palsdottir.se<\/a><br \/>\n<strong>\u00cdslenskukennsla <\/strong>er \u00ed bo\u00f0i \u00ed Gautaborg. \u00cdslensk sk\u00f3lab\u00f6rn eiga r\u00e9tt \u00e1 \u00edslenskukennslu og \u00fea\u00f0 er vert a\u00f0 n\u00fdta s\u00e9r \u00fea\u00f0. Hafa m\u00e1 samband vi\u00f0 Krist\u00ednu P\u00e1lsd\u00f3ttur, \u00edslenskukennara, s\u00edmi; 0702300676 e\u00f0a netfang; <a href=\"mailto:kristin@palsdottir.se\">kristin@palsdottir.se<\/a><\/p>\n<p><strong>R\u00e6\u00f0isma\u00f0ur <\/strong>fyrir \u00cdsland \u00ed Gautaborg er Christina Nilroth. H\u00fan a\u00f0sto\u00f0ar vi\u00f0 m. a. vi\u00f0 a\u00f0 \u00fatvega ney\u00f0arvegabr\u00e9f, framlengja vegabr\u00e9f og utankj\u00f6rsta\u00f0akosningu. Christina vinnur almennt a\u00f0 auknum tengslum Sv\u00ed\u00fej\u00f3\u00f0ar og \u00cdslands \u00e1 svi\u00f0i menningar og vi\u00f0skipta. Hafa m\u00e1 samband vi\u00f0 Christinu, s\u00edmi; 0705704058 e\u00f0a netfang; <a href=\"mailto:christina.nilroth@telia.com\">christina.nilroth@telia.com<\/a><\/p>\n<p><strong>\u00c1 Facebook <\/strong>er vita\u00f0 um 3 h\u00f3pa sem hafa \u00feann tilgang a\u00f0 efla \u00edslensk tengsl og f\u00e9lagsstarf, \u00fea\u00f0 eru: \u00cdslendingar \u00ed Gautaborg, \u00cdslendingaf\u00e9lagi\u00f0 \u00ed Gautaborg og \u00deorrabl\u00f3t \u00ed Gautaborg.<\/p>\n<p>A\u00f0 lokum vil \u00e9g \u00f3ska \u00fe\u00e9r g\u00f3\u00f0s gengis \u00ed l\u00edfi og starfi h\u00e9r \u00ed Sv\u00ed\u00fej\u00f3\u00f0.<\/p>\n<p>Bestu kve\u00f0jur, \u00c1g\u00fast Einarsson<\/p>\n","protected":false},"excerpt":{"rendered":"<p>Uppl\u00fdsingar um f\u00e9lags- og safna\u00f0arstarf me\u00f0al \u00cdslendinga \u00ed Gautaborg Velkomin\/n til Gautaborgar! \u00c9g vil vekja athygli \u00fe\u00edna \u00e1 f\u00e9lags- og safna\u00f0arstarfi me\u00f0al \u00cdslendinga \u00ed Gautaborg. St\u00e6rstur hluti \u00feess fer fram \u00ed safna\u00f0arheimili V\u00e4sta Fr\u00f6lunda kirkju, Fr\u00f6lunda Kyrkogata 2. Kirkjan og &hellip; <a href=\"http:\/\/www.kirkjan.se\/?page_id=117\">Halda \u00e1fram a\u00f0 lesa <span class=\"meta-nav\">&rarr;<\/span><\/a><\/p>\n","protected":false},"author":1,"featured_media":0,"parent":0,"menu_order":0,"comment_status":"open","ping_status":"open","template":"","meta":{"footnotes":""},"_links":{"self":[{"href":"http:\/\/www.kirkjan.se\/index.php?rest_route=\/wp\/v2\/pages\/117"}],"collection":[{"href":"http:\/\/www.kirkjan.se\/index.php?rest_route=\/wp\/v2\/pages"}],"about":[{"href":"http:\/\/www.kirkjan.se\/index.php?rest_route=\/wp\/v2\/types\/page"}],"author":[{"embeddable":true,"href":"http:\/\/www.kirkjan.se\/index.php?rest_route=\/wp\/v2\/users\/1"}],"replies":[{"embeddable":true,"href":"http:\/\/www.kirkjan.se\/index.php?rest_route=%2Fwp%2Fv2%2Fcomments&post=117"}],"version-history":[{"count":8,"href":"http:\/\/www.kirkjan.se\/index.php?rest_route=\/wp\/v2\/pages\/117\/revisions"}],"predecessor-version":[{"id":648,"href":"http:\/\/www.kirkjan.se\/index.php?rest_route=\/wp\/v2\/pages\/117\/revisions\/648"}],"wp:attachment":[{"href":"http:\/\/www.kirkjan.se\/index.php?rest_route=%2Fwp%2Fv2%2Fmedia&parent=117"}],"curies":[{"name":"wp","href":"https:\/\/api.w.org\/{rel}","templated":true}]}}