{"id":110,"date":"2013-12-22T12:36:49","date_gmt":"2013-12-22T12:36:49","guid":{"rendered":"http:\/\/www.kirkjan.se\/?page_id=110"},"modified":"2014-10-08T12:58:40","modified_gmt":"2014-10-08T12:58:40","slug":"gautaborg","status":"publish","type":"page","link":"http:\/\/www.kirkjan.se\/?page_id=110","title":{"rendered":"Gautaborg &#8211; Prestur"},"content":{"rendered":"<h1>Gautaborg<\/h1>\n<div>\n<p><strong>Starfsmi\u00f0st\u00f6\u00f0 kirkjustarfsins er \u00ed Gautaborg: <\/strong><strong>V\u00e4stra Fr\u00f6lunda kyrka, Fr\u00f6lunda Kyrkogata 2, 42147 V Fr\u00f6lunda.<\/strong><\/p>\n<p><strong>Prestur er \u00c1g\u00fast Einarsson.<\/strong><\/p>\n<p><strong>S\u00edmat\u00edmi prests \u00e1 skrifstofu m\u00e1n. og fim. kl. 10 til 12 og eftir samkomulagi. S\u00edmi 070 286 39 69. <\/strong><\/p>\n<p><strong>Ef hringt erlendis fr\u00e1 er n\u00fameri\u00f0 0046 70 286 39 69<\/strong><\/p>\n<p><strong>Heimas\u00ed\u00f0a: <\/strong><a href=\"http:\/\/www.kirkjan.se\"><strong>www.kirkjan.se<\/strong><\/a><strong><\/strong><\/p>\n<p><strong>Viltu vera me\u00f0 \u00e1 netfangaskr\u00e1 \u00cdKS \u00ed Gautaborg. Vinsamlega l\u00e1ti\u00f0 vita um\u00a0 netfang me\u00f0 \u00fev\u00ed a\u00f0 senda p\u00f3st \u00e1 kirkjan(hj\u00e1)telia.com<\/strong><\/p>\n<\/div>\n","protected":false},"excerpt":{"rendered":"<p>Gautaborg Starfsmi\u00f0st\u00f6\u00f0 kirkjustarfsins er \u00ed Gautaborg: V\u00e4stra Fr\u00f6lunda kyrka, Fr\u00f6lunda Kyrkogata 2, 42147 V Fr\u00f6lunda. Prestur er \u00c1g\u00fast Einarsson. S\u00edmat\u00edmi prests \u00e1 skrifstofu m\u00e1n. og fim. kl. 10 til 12 og eftir samkomulagi. S\u00edmi 070 286 39 69. Ef hringt &hellip; <a href=\"http:\/\/www.kirkjan.se\/?page_id=110\">Halda \u00e1fram a\u00f0 lesa <span class=\"meta-nav\">&rarr;<\/span><\/a><\/p>\n","protected":false},"author":1,"featured_media":0,"parent":0,"menu_order":0,"comment_status":"open","ping_status":"open","template":"","meta":{"footnotes":""},"_links":{"self":[{"href":"http:\/\/www.kirkjan.se\/index.php?rest_route=\/wp\/v2\/pages\/110"}],"collection":[{"href":"http:\/\/www.kirkjan.se\/index.php?rest_route=\/wp\/v2\/pages"}],"about":[{"href":"http:\/\/www.kirkjan.se\/index.php?rest_route=\/wp\/v2\/types\/page"}],"author":[{"embeddable":true,"href":"http:\/\/www.kirkjan.se\/index.php?rest_route=\/wp\/v2\/users\/1"}],"replies":[{"embeddable":true,"href":"http:\/\/www.kirkjan.se\/index.php?rest_route=%2Fwp%2Fv2%2Fcomments&post=110"}],"version-history":[{"count":3,"href":"http:\/\/www.kirkjan.se\/index.php?rest_route=\/wp\/v2\/pages\/110\/revisions"}],"predecessor-version":[{"id":191,"href":"http:\/\/www.kirkjan.se\/index.php?rest_route=\/wp\/v2\/pages\/110\/revisions\/191"}],"wp:attachment":[{"href":"http:\/\/www.kirkjan.se\/index.php?rest_route=%2Fwp%2Fv2%2Fmedia&parent=110"}],"curies":[{"name":"wp","href":"https:\/\/api.w.org\/{rel}","templated":true}]}}